{"id":232,"date":"2022-01-05T20:37:44","date_gmt":"2022-01-05T20:37:44","guid":{"rendered":"https:\/\/impulsionmedia.com\/omni\/concerts-et-festivals\/"},"modified":"2023-02-28T03:13:23","modified_gmt":"2023-02-28T03:13:23","slug":"concerts-and-festivals","status":"publish","type":"page","link":"https:\/\/omnison.com\/en\/concerts-and-festivals\/","title":{"rendered":"Concerts and festivals"},"content":{"rendered":"<p>For 30 years now, Omnison has been using its knowledge, experience and passion to make artists from here and abroad shine. Live concert and festival production leaves little room for error. From lighting and audio to stage design and logistics, a successful concert requires a perfect production the first time around. Count on us to create a one-of-a-kind experience that will dazzle performers and audiences alike.<\/p>\n<p>Omnison is:<\/p>\n<ul>\n<li>Everything you need to succeed, <strong>from management to design<\/strong>, all served by state-of-the-art technologies.<\/li>\n<li>A full range of <strong>audiovisual<\/strong> rental equipment for all types of shows, including <strong>backline<\/strong>, <strong>rigging<\/strong> and <strong>video production.<\/strong><\/li>\n<li>Proven expertise in set-up, whether for <strong>one scene or multiple scenes at a time.<\/strong><\/li>\n<li>An understanding of and attention to the <strong>specific needs of artists<\/strong>.<\/li>\n<\/ul>\n","protected":false},"excerpt":{"rendered":"<p>For 30 years now, Omnison has been using its knowledge, experience and passion to make artists from here and abroad shine. Live concert and festival production leaves little room for error. From lighting and audio to stage design and logistics, a successful concert requires a perfect production the first time around. Count on us to [&hellip;]<\/p>\n","protected":false},"author":1,"featured_media":176,"parent":0,"menu_order":0,"comment_status":"closed","ping_status":"closed","template":"page-services.php","meta":{"_acf_changed":false,"footnotes":""},"class_list":["post-232","page","type-page","status-publish","has-post-thumbnail","hentry"],"acf":[],"yoast_head":"<!-- This site is optimized with the Yoast SEO plugin v26.7 - https:\/\/yoast.com\/wordpress\/plugins\/seo\/ -->\n<title>Services for Concerts and festivals - Omnison Sound, Lights, Video, Staging<\/title>\n<meta name=\"description\" content=\"Count on us to create a one-of-a-kind experience that will dazzle the performers and their audience.\" \/>\n<meta name=\"robots\" content=\"index, follow, max-snippet:-1, max-image-preview:large, max-video-preview:-1\" \/>\n<link rel=\"canonical\" href=\"https:\/\/omnison.com\/en\/concerts-and-festivals\/\" \/>\n<meta property=\"og:locale\" content=\"en_US\" \/>\n<meta property=\"og:type\" content=\"article\" \/>\n<meta property=\"og:title\" content=\"Services for Concerts and festivals - Omnison Sound, Lights, Video, Staging\" \/>\n<meta property=\"og:description\" content=\"Count on us to create a one-of-a-kind experience that will dazzle the performers and their audience.\" \/>\n<meta property=\"og:url\" content=\"https:\/\/omnison.com\/en\/concerts-and-festivals\/\" \/>\n<meta property=\"og:site_name\" content=\"Omnison Sonorisation et \u00e9clairage\" \/>\n<meta property=\"article:publisher\" content=\"http:\/\/www.facebook.com\/pages\/Omnison-Lumire\/141224042628897\" \/>\n<meta property=\"article:modified_time\" content=\"2023-02-28T03:13:23+00:00\" \/>\n<meta property=\"og:image\" content=\"https:\/\/omnison.com\/wp-content\/uploads\/2022\/01\/entete-concerts-et-festivals.jpg\" \/>\n\t<meta property=\"og:image:width\" content=\"2000\" \/>\n\t<meta property=\"og:image:height\" content=\"360\" \/>\n\t<meta property=\"og:image:type\" content=\"image\/jpeg\" \/>\n<meta name=\"twitter:card\" content=\"summary_large_image\" \/>\n<script type=\"application\/ld+json\" class=\"yoast-schema-graph\">{\"@context\":\"https:\/\/schema.org\",\"@graph\":[{\"@type\":\"WebPage\",\"@id\":\"https:\/\/omnison.com\/en\/concerts-and-festivals\/\",\"url\":\"https:\/\/omnison.com\/en\/concerts-and-festivals\/\",\"name\":\"Services for Concerts and festivals - Omnison Sound, Lights, Video, Staging\",\"isPartOf\":{\"@id\":\"https:\/\/omnison.com\/en\/#website\"},\"primaryImageOfPage\":{\"@id\":\"https:\/\/omnison.com\/en\/concerts-and-festivals\/#primaryimage\"},\"image\":{\"@id\":\"https:\/\/omnison.com\/en\/concerts-and-festivals\/#primaryimage\"},\"thumbnailUrl\":\"https:\/\/omnison.com\/wp-content\/uploads\/2022\/01\/entete-concerts-et-festivals.jpg\",\"datePublished\":\"2022-01-05T20:37:44+00:00\",\"dateModified\":\"2023-02-28T03:13:23+00:00\",\"description\":\"Count on us to create a one-of-a-kind experience that will dazzle the performers and their audience.\",\"breadcrumb\":{\"@id\":\"https:\/\/omnison.com\/en\/concerts-and-festivals\/#breadcrumb\"},\"inLanguage\":\"en-US\",\"potentialAction\":[{\"@type\":\"ReadAction\",\"target\":[\"https:\/\/omnison.com\/en\/concerts-and-festivals\/\"]}]},{\"@type\":\"ImageObject\",\"inLanguage\":\"en-US\",\"@id\":\"https:\/\/omnison.com\/en\/concerts-and-festivals\/#primaryimage\",\"url\":\"https:\/\/omnison.com\/wp-content\/uploads\/2022\/01\/entete-concerts-et-festivals.jpg\",\"contentUrl\":\"https:\/\/omnison.com\/wp-content\/uploads\/2022\/01\/entete-concerts-et-festivals.jpg\",\"width\":2000,\"height\":360,\"caption\":\"Marie-Mai\"},{\"@type\":\"BreadcrumbList\",\"@id\":\"https:\/\/omnison.com\/en\/concerts-and-festivals\/#breadcrumb\",\"itemListElement\":[{\"@type\":\"ListItem\",\"position\":1,\"name\":\"Home\",\"item\":\"https:\/\/omnison.com\/en\/\"},{\"@type\":\"ListItem\",\"position\":2,\"name\":\"Concerts and festivals\"}]},{\"@type\":\"WebSite\",\"@id\":\"https:\/\/omnison.com\/en\/#website\",\"url\":\"https:\/\/omnison.com\/en\/\",\"name\":\"Omnison Sonorisation et \u00e9clairage\",\"description\":\"Fournisseur d&#039;\u00e9quipement de sonorisation et d&#039;\u00e9clairage de sc\u00e8ne \u00e0 Montr\u00e9al\",\"publisher\":{\"@id\":\"https:\/\/omnison.com\/en\/#organization\"},\"potentialAction\":[{\"@type\":\"SearchAction\",\"target\":{\"@type\":\"EntryPoint\",\"urlTemplate\":\"https:\/\/omnison.com\/en\/?s={search_term_string}\"},\"query-input\":{\"@type\":\"PropertyValueSpecification\",\"valueRequired\":true,\"valueName\":\"search_term_string\"}}],\"inLanguage\":\"en-US\"},{\"@type\":\"Organization\",\"@id\":\"https:\/\/omnison.com\/en\/#organization\",\"name\":\"Omnison Sonorisation et \u00e9clairage\",\"url\":\"https:\/\/omnison.com\/en\/\",\"logo\":{\"@type\":\"ImageObject\",\"inLanguage\":\"en-US\",\"@id\":\"https:\/\/omnison.com\/en\/#\/schema\/logo\/image\/\",\"url\":\"https:\/\/omnison.com\/wp-content\/uploads\/2024\/04\/Omnison_Logo.jpg\",\"contentUrl\":\"https:\/\/omnison.com\/wp-content\/uploads\/2024\/04\/Omnison_Logo.jpg\",\"width\":681,\"height\":263,\"caption\":\"Omnison Sonorisation et \u00e9clairage\"},\"image\":{\"@id\":\"https:\/\/omnison.com\/en\/#\/schema\/logo\/image\/\"},\"sameAs\":[\"http:\/\/www.facebook.com\/pages\/Omnison-Lumire\/141224042628897\"]}]}<\/script>\n<!-- \/ Yoast SEO plugin. -->","yoast_head_json":{"title":"Services for Concerts and festivals - Omnison Sound, Lights, Video, Staging","description":"Count on us to create a one-of-a-kind experience that will dazzle the performers and their audience.","robots":{"index":"index","follow":"follow","max-snippet":"max-snippet:-1","max-image-preview":"max-image-preview:large","max-video-preview":"max-video-preview:-1"},"canonical":"https:\/\/omnison.com\/en\/concerts-and-festivals\/","og_locale":"en_US","og_type":"article","og_title":"Services for Concerts and festivals - Omnison Sound, Lights, Video, Staging","og_description":"Count on us to create a one-of-a-kind experience that will dazzle the performers and their audience.","og_url":"https:\/\/omnison.com\/en\/concerts-and-festivals\/","og_site_name":"Omnison Sonorisation et \u00e9clairage","article_publisher":"http:\/\/www.facebook.com\/pages\/Omnison-Lumire\/141224042628897","article_modified_time":"2023-02-28T03:13:23+00:00","og_image":[{"width":2000,"height":360,"url":"https:\/\/omnison.com\/wp-content\/uploads\/2022\/01\/entete-concerts-et-festivals.jpg","type":"image\/jpeg"}],"twitter_card":"summary_large_image","schema":{"@context":"https:\/\/schema.org","@graph":[{"@type":"WebPage","@id":"https:\/\/omnison.com\/en\/concerts-and-festivals\/","url":"https:\/\/omnison.com\/en\/concerts-and-festivals\/","name":"Services for Concerts and festivals - Omnison Sound, Lights, Video, Staging","isPartOf":{"@id":"https:\/\/omnison.com\/en\/#website"},"primaryImageOfPage":{"@id":"https:\/\/omnison.com\/en\/concerts-and-festivals\/#primaryimage"},"image":{"@id":"https:\/\/omnison.com\/en\/concerts-and-festivals\/#primaryimage"},"thumbnailUrl":"https:\/\/omnison.com\/wp-content\/uploads\/2022\/01\/entete-concerts-et-festivals.jpg","datePublished":"2022-01-05T20:37:44+00:00","dateModified":"2023-02-28T03:13:23+00:00","description":"Count on us to create a one-of-a-kind experience that will dazzle the performers and their audience.","breadcrumb":{"@id":"https:\/\/omnison.com\/en\/concerts-and-festivals\/#breadcrumb"},"inLanguage":"en-US","potentialAction":[{"@type":"ReadAction","target":["https:\/\/omnison.com\/en\/concerts-and-festivals\/"]}]},{"@type":"ImageObject","inLanguage":"en-US","@id":"https:\/\/omnison.com\/en\/concerts-and-festivals\/#primaryimage","url":"https:\/\/omnison.com\/wp-content\/uploads\/2022\/01\/entete-concerts-et-festivals.jpg","contentUrl":"https:\/\/omnison.com\/wp-content\/uploads\/2022\/01\/entete-concerts-et-festivals.jpg","width":2000,"height":360,"caption":"Marie-Mai"},{"@type":"BreadcrumbList","@id":"https:\/\/omnison.com\/en\/concerts-and-festivals\/#breadcrumb","itemListElement":[{"@type":"ListItem","position":1,"name":"Home","item":"https:\/\/omnison.com\/en\/"},{"@type":"ListItem","position":2,"name":"Concerts and festivals"}]},{"@type":"WebSite","@id":"https:\/\/omnison.com\/en\/#website","url":"https:\/\/omnison.com\/en\/","name":"Omnison Sonorisation et \u00e9clairage","description":"Fournisseur d&#039;\u00e9quipement de sonorisation et d&#039;\u00e9clairage de sc\u00e8ne \u00e0 Montr\u00e9al","publisher":{"@id":"https:\/\/omnison.com\/en\/#organization"},"potentialAction":[{"@type":"SearchAction","target":{"@type":"EntryPoint","urlTemplate":"https:\/\/omnison.com\/en\/?s={search_term_string}"},"query-input":{"@type":"PropertyValueSpecification","valueRequired":true,"valueName":"search_term_string"}}],"inLanguage":"en-US"},{"@type":"Organization","@id":"https:\/\/omnison.com\/en\/#organization","name":"Omnison Sonorisation et \u00e9clairage","url":"https:\/\/omnison.com\/en\/","logo":{"@type":"ImageObject","inLanguage":"en-US","@id":"https:\/\/omnison.com\/en\/#\/schema\/logo\/image\/","url":"https:\/\/omnison.com\/wp-content\/uploads\/2024\/04\/Omnison_Logo.jpg","contentUrl":"https:\/\/omnison.com\/wp-content\/uploads\/2024\/04\/Omnison_Logo.jpg","width":681,"height":263,"caption":"Omnison Sonorisation et \u00e9clairage"},"image":{"@id":"https:\/\/omnison.com\/en\/#\/schema\/logo\/image\/"},"sameAs":["http:\/\/www.facebook.com\/pages\/Omnison-Lumire\/141224042628897"]}]}},"_links":{"self":[{"href":"https:\/\/omnison.com\/en\/wp-json\/wp\/v2\/pages\/232","targetHints":{"allow":["GET"]}}],"collection":[{"href":"https:\/\/omnison.com\/en\/wp-json\/wp\/v2\/pages"}],"about":[{"href":"https:\/\/omnison.com\/en\/wp-json\/wp\/v2\/types\/page"}],"author":[{"embeddable":true,"href":"https:\/\/omnison.com\/en\/wp-json\/wp\/v2\/users\/1"}],"replies":[{"embeddable":true,"href":"https:\/\/omnison.com\/en\/wp-json\/wp\/v2\/comments?post=232"}],"version-history":[{"count":6,"href":"https:\/\/omnison.com\/en\/wp-json\/wp\/v2\/pages\/232\/revisions"}],"predecessor-version":[{"id":2251,"href":"https:\/\/omnison.com\/en\/wp-json\/wp\/v2\/pages\/232\/revisions\/2251"}],"wp:featuredmedia":[{"embeddable":true,"href":"https:\/\/omnison.com\/en\/wp-json\/wp\/v2\/media\/176"}],"wp:attachment":[{"href":"https:\/\/omnison.com\/en\/wp-json\/wp\/v2\/media?parent=232"}],"curies":[{"name":"wp","href":"https:\/\/api.w.org\/{rel}","templated":true}]}}