{"id":2162,"date":"2023-01-18T04:58:53","date_gmt":"2023-01-18T04:58:53","guid":{"rendered":"https:\/\/omnison.impulsionmedia.com\/?page_id=2162"},"modified":"2023-01-18T04:58:53","modified_gmt":"2023-01-18T04:58:53","slug":"subscribe-list","status":"publish","type":"page","link":"https:\/\/omnison.com\/en\/subscribe-list\/","title":{"rendered":"Subscribe to our Mailing List"},"content":{"rendered":"\n<div class=\"wpcf7 no-js\" id=\"wpcf7-f2173-o1\" lang=\"en-US\" dir=\"ltr\" data-wpcf7-id=\"2173\">\n<div class=\"screen-reader-response\"><p role=\"status\" aria-live=\"polite\" aria-atomic=\"true\"><\/p> <ul><\/ul><\/div>\n<form action=\"\/en\/wp-json\/wp\/v2\/pages\/2162#wpcf7-f2173-o1\" method=\"post\" class=\"wpcf7-form init\" aria-label=\"Contact form\" novalidate=\"novalidate\" data-status=\"init\">\n<fieldset class=\"hidden-fields-container\"><input type=\"hidden\" name=\"_wpcf7\" value=\"2173\" \/><input type=\"hidden\" name=\"_wpcf7_version\" value=\"6.1.5\" \/><input type=\"hidden\" name=\"_wpcf7_locale\" value=\"en_US\" \/><input type=\"hidden\" name=\"_wpcf7_unit_tag\" value=\"wpcf7-f2173-o1\" \/><input type=\"hidden\" name=\"_wpcf7_container_post\" value=\"0\" \/><input type=\"hidden\" name=\"_wpcf7_posted_data_hash\" value=\"\" \/><input type=\"hidden\" name=\"_wpcf7dtx_version\" value=\"5.0.5\" \/><input type=\"hidden\" name=\"_wpcf7_recaptcha_response\" value=\"\" \/>\n<\/fieldset>\n<p>\t\t<div id=\"cf7md-form\" class=\"cf7md-form\">\n\t\t\t<div class=\"mdc-layout-grid\">\n\t\t\t\t<div class=\"mdc-layout-grid__inner\">\n\t\t\t\t\t\t\t\t\t\t\n\t\t\n\t\t<div class=\"cf7md-item cf7md-text mdc-layout-grid__cell mdc-layout-grid__cell--span-6-desktop mdc-layout-grid__cell--span-12-tablet mdc-layout-grid__cell--span-12-phone\">\n\t\t\t<br \/>\n<span class=\"wpcf7-form-control-wrap\" data-name=\"mc4wp-FNAME\"><input size=\"40\" maxlength=\"400\" class=\"wpcf7-form-control wpcf7-text wpcf7-validates-as-required\" aria-required=\"true\" aria-invalid=\"false\" value=\"\" type=\"text\" name=\"mc4wp-FNAME\" \/><\/span><br \/>\n\t\t\t\t\t\t<div style=\"display: none;\" class=\"cf7md-text-html\">\n\t\t\t\t<div class=\"mdc-text-field  mdc-text-field--outlined\">\n\t\t\t\t\t\n\t\t\t\t\t\t\t\t\t\t\t<div class=\"mdc-notched-outline\">\n\t\t\t\t\t\t\t<div class=\"mdc-notched-outline__leading\"><\/div>\n\t\t\t\t\t\t\t<div class=\"mdc-notched-outline__notch\">\n\t\t\t\t\t\t\t\t<label class=\"mdc-floating-label\">First name<\/label>\n\t\t\t\t\t\t\t<\/div>\n\t\t\t\t\t\t\t<div class=\"mdc-notched-outline__trailing\"><\/div>\n\t\t\t\t\t\t<\/div>\n\t\t\t\t\t\t\t\t\t<\/div>\n\t\t\t<\/div>\n\t\t<\/div>\n\t\t<br \/>\n\t\t\n\t\t<div class=\"cf7md-item cf7md-text mdc-layout-grid__cell mdc-layout-grid__cell--span-6-desktop mdc-layout-grid__cell--span-12-tablet mdc-layout-grid__cell--span-12-phone\">\n\t\t\t<br \/>\n<span class=\"wpcf7-form-control-wrap\" data-name=\"mc4wp-LNAME\"><input size=\"40\" maxlength=\"400\" class=\"wpcf7-form-control wpcf7-text wpcf7-validates-as-required\" aria-required=\"true\" aria-invalid=\"false\" value=\"\" type=\"text\" name=\"mc4wp-LNAME\" \/><\/span><br \/>\n\t\t\t\t\t\t<div style=\"display: none;\" class=\"cf7md-text-html\">\n\t\t\t\t<div class=\"mdc-text-field  mdc-text-field--outlined\">\n\t\t\t\t\t\n\t\t\t\t\t\t\t\t\t\t\t<div class=\"mdc-notched-outline\">\n\t\t\t\t\t\t\t<div class=\"mdc-notched-outline__leading\"><\/div>\n\t\t\t\t\t\t\t<div class=\"mdc-notched-outline__notch\">\n\t\t\t\t\t\t\t\t<label class=\"mdc-floating-label\">Last name<\/label>\n\t\t\t\t\t\t\t<\/div>\n\t\t\t\t\t\t\t<div class=\"mdc-notched-outline__trailing\"><\/div>\n\t\t\t\t\t\t<\/div>\n\t\t\t\t\t\t\t\t\t<\/div>\n\t\t\t<\/div>\n\t\t<\/div>\n\t\t<br \/>\n\t\t\n\t\t<div class=\"cf7md-item cf7md-text mdc-layout-grid__cell mdc-layout-grid__cell--span-6-desktop mdc-layout-grid__cell--span-12-tablet mdc-layout-grid__cell--span-12-phone\">\n\t\t\t<br \/>\n<span class=\"wpcf7-form-control-wrap\" data-name=\"mc4wp-EMAIL\"><input size=\"40\" maxlength=\"400\" class=\"wpcf7-form-control wpcf7-email wpcf7-validates-as-required wpcf7-text wpcf7-validates-as-email\" aria-required=\"true\" aria-invalid=\"false\" value=\"\" type=\"email\" name=\"mc4wp-EMAIL\" \/><\/span><br \/>\n\t\t\t\t\t\t<div style=\"display: none;\" class=\"cf7md-text-html\">\n\t\t\t\t<div class=\"mdc-text-field  mdc-text-field--outlined\">\n\t\t\t\t\t\n\t\t\t\t\t\t\t\t\t\t\t<div class=\"mdc-notched-outline\">\n\t\t\t\t\t\t\t<div class=\"mdc-notched-outline__leading\"><\/div>\n\t\t\t\t\t\t\t<div class=\"mdc-notched-outline__notch\">\n\t\t\t\t\t\t\t\t<label class=\"mdc-floating-label\">Email<\/label>\n\t\t\t\t\t\t\t<\/div>\n\t\t\t\t\t\t\t<div class=\"mdc-notched-outline__trailing\"><\/div>\n\t\t\t\t\t\t<\/div>\n\t\t\t\t\t\t\t\t\t<\/div>\n\t\t\t<\/div>\n\t\t<\/div>\n\t\t<br \/>\n\t\t<div class=\"cf7md-item cf7md-accept cf7md-is-wpcf7v5 mdc-layout-grid__cell mdc-layout-grid__cell--span-12-desktop mdc-layout-grid__cell--span-8-tablet mdc-layout-grid__cell--span-4-phone\">\n\t\t\t\t\t\t\t<label class=\"cf7md-label cf7md-label--static\">Subscribe<\/label>\n\t\t\t\t\t\t<br \/>\n<span class=\"wpcf7-form-control-wrap\"><input type=\"checkbox\" name=\"mc4wp-subscribe\" value=\"1\" \/><\/span>\t\t\t<label class=\"cf7md-accept-label\">I agree to receive newsletters from Omnison<\/label>\n\t\t\t<div style=\"display: none;\" class=\"cf7md-checkbox-html\">\n\t\t\t\t<div class=\"mdc-checkbox__background\">\n\t\t\t\t\t<svg class=\"mdc-checkbox__checkmark\" viewBox=\"0 0 24 24\">\n\t\t\t\t\t\t<path class=\"mdc-checkbox__checkmark-path\" fill=\"none\" d=\"M1.73,12.91 8.1,19.28 22.79,4.59\"\/>\n\t\t\t\t\t<\/svg>\n\t\t\t\t\t<div class=\"mdc-checkbox__mixedmark\"><\/div>\n\t\t\t\t<\/div>\n\t\t\t<\/div>\n\t\t\t\t\t<\/div>\n\t\t<span id=\"wpcf7-69e7b218d0eb6-wrapper\" class=\"wpcf7-form-control-wrap pourlesnounours-479-wrap\" ><label for=\"wpcf7-69e7b218d0eb6-field\" class=\"hp-message\">Please leave this field empty.<\/label><input id=\"wpcf7-69e7b218d0eb6-field\"  class=\"wpcf7-form-control wpcf7-text\" type=\"text\" name=\"pourlesnounours-479\" value=\"\" size=\"40\" tabindex=\"-1\" autocomplete=\"new-password\" \/><\/span>\n<input class=\"wpcf7-form-control wpcf7-hidden\" id=\"thankyouURL\" value=\"\/en\/confirmation-newsletter\/\" type=\"hidden\" name=\"thankyouURL\" \/>\n<span class=\"wpcf7-form-control-wrap recaptcha\" data-name=\"recaptcha\"><span data-sitekey=\"6Lf4YqspAAAAACVZvBsPmOc_pGiv3Wr2ZqekypW3\" class=\"wpcf7-form-control wpcf7-recaptcha g-recaptcha capt-holder\"><\/span>\r\n<noscript>\r\n\t<div class=\"grecaptcha-noscript\">\r\n\t\t<iframe loading=\"lazy\" src=\"https:\/\/www.google.com\/recaptcha\/api\/fallback?k=6Lf4YqspAAAAACVZvBsPmOc_pGiv3Wr2ZqekypW3\" frameborder=\"0\" scrolling=\"no\" width=\"310\" height=\"430\">\r\n\t\t<\/iframe>\r\n\t\t<textarea name=\"g-recaptcha-response\" rows=\"3\" cols=\"40\" placeholder=\"reCaptcha Response Here\">\r\n\t\t<\/textarea>\r\n\t<\/div>\r\n<\/noscript>\r\n<\/span>\t\t<div class=\"cf7md-item cf7md-submit mdc-layout-grid__cell mdc-layout-grid__cell--span-12-desktop mdc-layout-grid__cell--span-8-tablet mdc-layout-grid__cell--span-4-phone\" data-button-style=\"unelevated\">\n\t\t\t<br \/>\n<input class=\"wpcf7-form-control wpcf7-submit has-spinner\" type=\"submit\" value=\"Subscribe\" \/>\t\t\t<svg class=\"cf7md-spinner\" width=\"25px\" height=\"25px\" viewBox=\"0 0 66 66\" xmlns=\"http:\/\/www.w3.org\/2000\/svg\">\n\t\t\t\t<circle class=\"cf7md-spinner-path\" fill=\"none\" stroke-width=\"6\" stroke-linecap=\"round\" cx=\"33\" cy=\"33\" r=\"30\"><\/circle>\n\t\t\t<\/svg>\n\t\t<\/div>\n\t\t\t\t\t\t\t\t\t\t\t<\/div>\n\t\t\t<\/div>\n\t\t<\/div>\n\t\t\n<\/p><div class=\"wpcf7-response-output\" aria-hidden=\"true\"><\/div>\n<\/form>\n<\/div>\n\n","protected":false},"excerpt":{"rendered":"","protected":false},"author":1,"featured_media":2048,"parent":0,"menu_order":0,"comment_status":"closed","ping_status":"closed","template":"page-plain.php","meta":{"_acf_changed":false,"footnotes":""},"class_list":["post-2162","page","type-page","status-publish","has-post-thumbnail","hentry"],"acf":[],"yoast_head":"<!-- This site is optimized with the Yoast SEO plugin v26.7 - https:\/\/yoast.com\/wordpress\/plugins\/seo\/ -->\n<title>Subscribe to our Mailing List - Omnison Sonorisation et \u00e9clairage<\/title>\n<meta name=\"description\" content=\"Receive news and stay informed of upcoming activities.\" \/>\n<meta name=\"robots\" content=\"index, nofollow, max-snippet:-1, max-image-preview:large, max-video-preview:-1\" \/>\n<link rel=\"canonical\" href=\"https:\/\/omnison.com\/en\/subscribe-list\/\" \/>\n<meta property=\"og:locale\" content=\"en_US\" \/>\n<meta property=\"og:type\" content=\"article\" \/>\n<meta property=\"og:title\" content=\"Subscribe to our Mailing List - Omnison Sonorisation et \u00e9clairage\" \/>\n<meta property=\"og:description\" content=\"Receive news and stay informed of upcoming activities.\" \/>\n<meta property=\"og:url\" content=\"https:\/\/omnison.com\/en\/subscribe-list\/\" \/>\n<meta property=\"og:site_name\" content=\"Omnison Sonorisation et \u00e9clairage\" \/>\n<meta property=\"article:publisher\" content=\"http:\/\/www.facebook.com\/pages\/Omnison-Lumire\/141224042628897\" \/>\n<meta property=\"og:image\" content=\"https:\/\/omnison.com\/wp-content\/uploads\/2023\/01\/entete-plain.jpg\" \/>\n\t<meta property=\"og:image:width\" content=\"2000\" \/>\n\t<meta property=\"og:image:height\" content=\"360\" \/>\n\t<meta property=\"og:image:type\" content=\"image\/jpeg\" \/>\n<meta name=\"twitter:card\" content=\"summary_large_image\" \/>\n<script type=\"application\/ld+json\" class=\"yoast-schema-graph\">{\"@context\":\"https:\/\/schema.org\",\"@graph\":[{\"@type\":\"WebPage\",\"@id\":\"https:\/\/omnison.com\/en\/subscribe-list\/\",\"url\":\"https:\/\/omnison.com\/en\/subscribe-list\/\",\"name\":\"Subscribe to our Mailing List - Omnison Sonorisation et \u00e9clairage\",\"isPartOf\":{\"@id\":\"https:\/\/omnison.com\/en\/#website\"},\"primaryImageOfPage\":{\"@id\":\"https:\/\/omnison.com\/en\/subscribe-list\/#primaryimage\"},\"image\":{\"@id\":\"https:\/\/omnison.com\/en\/subscribe-list\/#primaryimage\"},\"thumbnailUrl\":\"https:\/\/omnison.com\/wp-content\/uploads\/2023\/01\/entete-plain.jpg\",\"datePublished\":\"2023-01-18T04:58:53+00:00\",\"description\":\"Receive news and stay informed of upcoming activities.\",\"breadcrumb\":{\"@id\":\"https:\/\/omnison.com\/en\/subscribe-list\/#breadcrumb\"},\"inLanguage\":\"en-US\",\"potentialAction\":[{\"@type\":\"ReadAction\",\"target\":[\"https:\/\/omnison.com\/en\/subscribe-list\/\"]}]},{\"@type\":\"ImageObject\",\"inLanguage\":\"en-US\",\"@id\":\"https:\/\/omnison.com\/en\/subscribe-list\/#primaryimage\",\"url\":\"https:\/\/omnison.com\/wp-content\/uploads\/2023\/01\/entete-plain.jpg\",\"contentUrl\":\"https:\/\/omnison.com\/wp-content\/uploads\/2023\/01\/entete-plain.jpg\",\"width\":2000,\"height\":360},{\"@type\":\"BreadcrumbList\",\"@id\":\"https:\/\/omnison.com\/en\/subscribe-list\/#breadcrumb\",\"itemListElement\":[{\"@type\":\"ListItem\",\"position\":1,\"name\":\"Home\",\"item\":\"https:\/\/omnison.com\/en\/\"},{\"@type\":\"ListItem\",\"position\":2,\"name\":\"Subscribe to our Mailing List\"}]},{\"@type\":\"WebSite\",\"@id\":\"https:\/\/omnison.com\/en\/#website\",\"url\":\"https:\/\/omnison.com\/en\/\",\"name\":\"Omnison Sonorisation et \u00e9clairage\",\"description\":\"Fournisseur d&#039;\u00e9quipement de sonorisation et d&#039;\u00e9clairage de sc\u00e8ne \u00e0 Montr\u00e9al\",\"publisher\":{\"@id\":\"https:\/\/omnison.com\/en\/#organization\"},\"potentialAction\":[{\"@type\":\"SearchAction\",\"target\":{\"@type\":\"EntryPoint\",\"urlTemplate\":\"https:\/\/omnison.com\/en\/?s={search_term_string}\"},\"query-input\":{\"@type\":\"PropertyValueSpecification\",\"valueRequired\":true,\"valueName\":\"search_term_string\"}}],\"inLanguage\":\"en-US\"},{\"@type\":\"Organization\",\"@id\":\"https:\/\/omnison.com\/en\/#organization\",\"name\":\"Omnison Sonorisation et \u00e9clairage\",\"url\":\"https:\/\/omnison.com\/en\/\",\"logo\":{\"@type\":\"ImageObject\",\"inLanguage\":\"en-US\",\"@id\":\"https:\/\/omnison.com\/en\/#\/schema\/logo\/image\/\",\"url\":\"https:\/\/omnison.com\/wp-content\/uploads\/2024\/04\/Omnison_Logo.jpg\",\"contentUrl\":\"https:\/\/omnison.com\/wp-content\/uploads\/2024\/04\/Omnison_Logo.jpg\",\"width\":681,\"height\":263,\"caption\":\"Omnison Sonorisation et \u00e9clairage\"},\"image\":{\"@id\":\"https:\/\/omnison.com\/en\/#\/schema\/logo\/image\/\"},\"sameAs\":[\"http:\/\/www.facebook.com\/pages\/Omnison-Lumire\/141224042628897\"]}]}<\/script>\n<!-- \/ Yoast SEO plugin. -->","yoast_head_json":{"title":"Subscribe to our Mailing List - Omnison Sonorisation et \u00e9clairage","description":"Receive news and stay informed of upcoming activities.","robots":{"index":"index","follow":"nofollow","max-snippet":"max-snippet:-1","max-image-preview":"max-image-preview:large","max-video-preview":"max-video-preview:-1"},"canonical":"https:\/\/omnison.com\/en\/subscribe-list\/","og_locale":"en_US","og_type":"article","og_title":"Subscribe to our Mailing List - Omnison Sonorisation et \u00e9clairage","og_description":"Receive news and stay informed of upcoming activities.","og_url":"https:\/\/omnison.com\/en\/subscribe-list\/","og_site_name":"Omnison Sonorisation et \u00e9clairage","article_publisher":"http:\/\/www.facebook.com\/pages\/Omnison-Lumire\/141224042628897","og_image":[{"width":2000,"height":360,"url":"https:\/\/omnison.com\/wp-content\/uploads\/2023\/01\/entete-plain.jpg","type":"image\/jpeg"}],"twitter_card":"summary_large_image","schema":{"@context":"https:\/\/schema.org","@graph":[{"@type":"WebPage","@id":"https:\/\/omnison.com\/en\/subscribe-list\/","url":"https:\/\/omnison.com\/en\/subscribe-list\/","name":"Subscribe to our Mailing List - Omnison Sonorisation et \u00e9clairage","isPartOf":{"@id":"https:\/\/omnison.com\/en\/#website"},"primaryImageOfPage":{"@id":"https:\/\/omnison.com\/en\/subscribe-list\/#primaryimage"},"image":{"@id":"https:\/\/omnison.com\/en\/subscribe-list\/#primaryimage"},"thumbnailUrl":"https:\/\/omnison.com\/wp-content\/uploads\/2023\/01\/entete-plain.jpg","datePublished":"2023-01-18T04:58:53+00:00","description":"Receive news and stay informed of upcoming activities.","breadcrumb":{"@id":"https:\/\/omnison.com\/en\/subscribe-list\/#breadcrumb"},"inLanguage":"en-US","potentialAction":[{"@type":"ReadAction","target":["https:\/\/omnison.com\/en\/subscribe-list\/"]}]},{"@type":"ImageObject","inLanguage":"en-US","@id":"https:\/\/omnison.com\/en\/subscribe-list\/#primaryimage","url":"https:\/\/omnison.com\/wp-content\/uploads\/2023\/01\/entete-plain.jpg","contentUrl":"https:\/\/omnison.com\/wp-content\/uploads\/2023\/01\/entete-plain.jpg","width":2000,"height":360},{"@type":"BreadcrumbList","@id":"https:\/\/omnison.com\/en\/subscribe-list\/#breadcrumb","itemListElement":[{"@type":"ListItem","position":1,"name":"Home","item":"https:\/\/omnison.com\/en\/"},{"@type":"ListItem","position":2,"name":"Subscribe to our Mailing List"}]},{"@type":"WebSite","@id":"https:\/\/omnison.com\/en\/#website","url":"https:\/\/omnison.com\/en\/","name":"Omnison Sonorisation et \u00e9clairage","description":"Fournisseur d&#039;\u00e9quipement de sonorisation et d&#039;\u00e9clairage de sc\u00e8ne \u00e0 Montr\u00e9al","publisher":{"@id":"https:\/\/omnison.com\/en\/#organization"},"potentialAction":[{"@type":"SearchAction","target":{"@type":"EntryPoint","urlTemplate":"https:\/\/omnison.com\/en\/?s={search_term_string}"},"query-input":{"@type":"PropertyValueSpecification","valueRequired":true,"valueName":"search_term_string"}}],"inLanguage":"en-US"},{"@type":"Organization","@id":"https:\/\/omnison.com\/en\/#organization","name":"Omnison Sonorisation et \u00e9clairage","url":"https:\/\/omnison.com\/en\/","logo":{"@type":"ImageObject","inLanguage":"en-US","@id":"https:\/\/omnison.com\/en\/#\/schema\/logo\/image\/","url":"https:\/\/omnison.com\/wp-content\/uploads\/2024\/04\/Omnison_Logo.jpg","contentUrl":"https:\/\/omnison.com\/wp-content\/uploads\/2024\/04\/Omnison_Logo.jpg","width":681,"height":263,"caption":"Omnison Sonorisation et \u00e9clairage"},"image":{"@id":"https:\/\/omnison.com\/en\/#\/schema\/logo\/image\/"},"sameAs":["http:\/\/www.facebook.com\/pages\/Omnison-Lumire\/141224042628897"]}]}},"_links":{"self":[{"href":"https:\/\/omnison.com\/en\/wp-json\/wp\/v2\/pages\/2162","targetHints":{"allow":["GET"]}}],"collection":[{"href":"https:\/\/omnison.com\/en\/wp-json\/wp\/v2\/pages"}],"about":[{"href":"https:\/\/omnison.com\/en\/wp-json\/wp\/v2\/types\/page"}],"author":[{"embeddable":true,"href":"https:\/\/omnison.com\/en\/wp-json\/wp\/v2\/users\/1"}],"replies":[{"embeddable":true,"href":"https:\/\/omnison.com\/en\/wp-json\/wp\/v2\/comments?post=2162"}],"version-history":[{"count":1,"href":"https:\/\/omnison.com\/en\/wp-json\/wp\/v2\/pages\/2162\/revisions"}],"predecessor-version":[{"id":2174,"href":"https:\/\/omnison.com\/en\/wp-json\/wp\/v2\/pages\/2162\/revisions\/2174"}],"wp:featuredmedia":[{"embeddable":true,"href":"https:\/\/omnison.com\/en\/wp-json\/wp\/v2\/media\/2048"}],"wp:attachment":[{"href":"https:\/\/omnison.com\/en\/wp-json\/wp\/v2\/media?parent=2162"}],"curies":[{"name":"wp","href":"https:\/\/api.w.org\/{rel}","templated":true}]}}