{"id":2015,"date":"2022-01-06T03:38:10","date_gmt":"2022-01-06T03:38:10","guid":{"rendered":"https:\/\/omnison.impulsionmedia.com\/evenements-sportifs\/"},"modified":"2023-02-28T02:56:14","modified_gmt":"2023-02-28T02:56:14","slug":"sports-events","status":"publish","type":"page","link":"https:\/\/omnison.com\/en\/sports-events\/","title":{"rendered":"Sports events"},"content":{"rendered":"<p>For 30 years, Omnison has been using its knowledge, experience and passion to make athletes of all disciplines shine. The production of live sporting events and competitions leaves little room for error. From lighting and audio to stage design and logistics, a successful event requires a perfect production the first time around. Count on us to create a golden experience that will dazzle your athletes and your audience.<\/p>\n<p>Omnison is:<\/p>\n<ul>\n<li>Everything you need to succeed, <strong>from management to design<\/strong>, all served by state-of-the-art technology.<\/li>\n<li>A full range of <strong>audiovisual<\/strong> rental equipment for all types of shows, including <strong>backline<\/strong>, <strong>rigging<\/strong> and <strong>video production.<\/strong><\/li>\n<li>Proven expertise in staging, whether <strong>one scene or multiple scenes at a time.<\/strong><\/li>\n<li>An understanding of and attention to the <strong>specific needs of artists<\/strong>.<\/li>\n<\/ul>\n","protected":false},"excerpt":{"rendered":"<p>For 30 years, Omnison has been using its knowledge, experience and passion to make athletes of all disciplines shine. The production of live sporting events and competitions leaves little room for error. From lighting and audio to stage design and logistics, a successful event requires a perfect production the first time around. Count on us [&hellip;]<\/p>\n","protected":false},"author":1,"featured_media":199,"parent":0,"menu_order":0,"comment_status":"closed","ping_status":"closed","template":"page-services.php","meta":{"_acf_changed":false,"footnotes":""},"class_list":["post-2015","page","type-page","status-publish","has-post-thumbnail","hentry"],"acf":[],"yoast_head":"<!-- This site is optimized with the Yoast SEO plugin v26.7 - https:\/\/yoast.com\/wordpress\/plugins\/seo\/ -->\n<title>Services for Sports events - Omnison Sound, Lights, Video, Staging<\/title>\n<meta name=\"description\" content=\"Count on us to create a golden experience that will dazzle your athletes and your audience.\" \/>\n<meta name=\"robots\" content=\"index, follow, max-snippet:-1, max-image-preview:large, max-video-preview:-1\" \/>\n<link rel=\"canonical\" href=\"https:\/\/omnison.com\/en\/sports-events\/\" \/>\n<meta property=\"og:locale\" content=\"en_US\" \/>\n<meta property=\"og:type\" content=\"article\" \/>\n<meta property=\"og:title\" content=\"Services for Sports events - Omnison Sound, Lights, Video, Staging\" \/>\n<meta property=\"og:description\" content=\"Count on us to create a golden experience that will dazzle your athletes and your audience.\" \/>\n<meta property=\"og:url\" content=\"https:\/\/omnison.com\/en\/sports-events\/\" \/>\n<meta property=\"og:site_name\" content=\"Omnison Sonorisation et \u00e9clairage\" \/>\n<meta property=\"article:publisher\" content=\"http:\/\/www.facebook.com\/pages\/Omnison-Lumire\/141224042628897\" \/>\n<meta property=\"article:modified_time\" content=\"2023-02-28T02:56:14+00:00\" \/>\n<meta property=\"og:image\" content=\"https:\/\/omnison.com\/wp-content\/uploads\/2022\/01\/entete-evenements-sportif.jpg\" \/>\n\t<meta property=\"og:image:width\" content=\"2000\" \/>\n\t<meta property=\"og:image:height\" content=\"360\" \/>\n\t<meta property=\"og:image:type\" content=\"image\/jpeg\" \/>\n<meta name=\"twitter:card\" content=\"summary_large_image\" \/>\n<script type=\"application\/ld+json\" class=\"yoast-schema-graph\">{\"@context\":\"https:\/\/schema.org\",\"@graph\":[{\"@type\":\"WebPage\",\"@id\":\"https:\/\/omnison.com\/en\/sports-events\/\",\"url\":\"https:\/\/omnison.com\/en\/sports-events\/\",\"name\":\"Services for Sports events - Omnison Sound, Lights, Video, Staging\",\"isPartOf\":{\"@id\":\"https:\/\/omnison.com\/en\/#website\"},\"primaryImageOfPage\":{\"@id\":\"https:\/\/omnison.com\/en\/sports-events\/#primaryimage\"},\"image\":{\"@id\":\"https:\/\/omnison.com\/en\/sports-events\/#primaryimage\"},\"thumbnailUrl\":\"https:\/\/omnison.com\/wp-content\/uploads\/2022\/01\/entete-evenements-sportif.jpg\",\"datePublished\":\"2022-01-06T03:38:10+00:00\",\"dateModified\":\"2023-02-28T02:56:14+00:00\",\"description\":\"Count on us to create a golden experience that will dazzle your athletes and your audience.\",\"breadcrumb\":{\"@id\":\"https:\/\/omnison.com\/en\/sports-events\/#breadcrumb\"},\"inLanguage\":\"en-US\",\"potentialAction\":[{\"@type\":\"ReadAction\",\"target\":[\"https:\/\/omnison.com\/en\/sports-events\/\"]}]},{\"@type\":\"ImageObject\",\"inLanguage\":\"en-US\",\"@id\":\"https:\/\/omnison.com\/en\/sports-events\/#primaryimage\",\"url\":\"https:\/\/omnison.com\/wp-content\/uploads\/2022\/01\/entete-evenements-sportif.jpg\",\"contentUrl\":\"https:\/\/omnison.com\/wp-content\/uploads\/2022\/01\/entete-evenements-sportif.jpg\",\"width\":2000,\"height\":360,\"caption\":\"\u00c9v\u00e9nements sportif\"},{\"@type\":\"BreadcrumbList\",\"@id\":\"https:\/\/omnison.com\/en\/sports-events\/#breadcrumb\",\"itemListElement\":[{\"@type\":\"ListItem\",\"position\":1,\"name\":\"Home\",\"item\":\"https:\/\/omnison.com\/en\/\"},{\"@type\":\"ListItem\",\"position\":2,\"name\":\"Sports events\"}]},{\"@type\":\"WebSite\",\"@id\":\"https:\/\/omnison.com\/en\/#website\",\"url\":\"https:\/\/omnison.com\/en\/\",\"name\":\"Omnison Sonorisation et \u00e9clairage\",\"description\":\"Fournisseur d&#039;\u00e9quipement de sonorisation et d&#039;\u00e9clairage de sc\u00e8ne \u00e0 Montr\u00e9al\",\"publisher\":{\"@id\":\"https:\/\/omnison.com\/en\/#organization\"},\"potentialAction\":[{\"@type\":\"SearchAction\",\"target\":{\"@type\":\"EntryPoint\",\"urlTemplate\":\"https:\/\/omnison.com\/en\/?s={search_term_string}\"},\"query-input\":{\"@type\":\"PropertyValueSpecification\",\"valueRequired\":true,\"valueName\":\"search_term_string\"}}],\"inLanguage\":\"en-US\"},{\"@type\":\"Organization\",\"@id\":\"https:\/\/omnison.com\/en\/#organization\",\"name\":\"Omnison Sonorisation et \u00e9clairage\",\"url\":\"https:\/\/omnison.com\/en\/\",\"logo\":{\"@type\":\"ImageObject\",\"inLanguage\":\"en-US\",\"@id\":\"https:\/\/omnison.com\/en\/#\/schema\/logo\/image\/\",\"url\":\"https:\/\/omnison.com\/wp-content\/uploads\/2024\/04\/Omnison_Logo.jpg\",\"contentUrl\":\"https:\/\/omnison.com\/wp-content\/uploads\/2024\/04\/Omnison_Logo.jpg\",\"width\":681,\"height\":263,\"caption\":\"Omnison Sonorisation et \u00e9clairage\"},\"image\":{\"@id\":\"https:\/\/omnison.com\/en\/#\/schema\/logo\/image\/\"},\"sameAs\":[\"http:\/\/www.facebook.com\/pages\/Omnison-Lumire\/141224042628897\"]}]}<\/script>\n<!-- \/ Yoast SEO plugin. -->","yoast_head_json":{"title":"Services for Sports events - Omnison Sound, Lights, Video, Staging","description":"Count on us to create a golden experience that will dazzle your athletes and your audience.","robots":{"index":"index","follow":"follow","max-snippet":"max-snippet:-1","max-image-preview":"max-image-preview:large","max-video-preview":"max-video-preview:-1"},"canonical":"https:\/\/omnison.com\/en\/sports-events\/","og_locale":"en_US","og_type":"article","og_title":"Services for Sports events - Omnison Sound, Lights, Video, Staging","og_description":"Count on us to create a golden experience that will dazzle your athletes and your audience.","og_url":"https:\/\/omnison.com\/en\/sports-events\/","og_site_name":"Omnison Sonorisation et \u00e9clairage","article_publisher":"http:\/\/www.facebook.com\/pages\/Omnison-Lumire\/141224042628897","article_modified_time":"2023-02-28T02:56:14+00:00","og_image":[{"width":2000,"height":360,"url":"https:\/\/omnison.com\/wp-content\/uploads\/2022\/01\/entete-evenements-sportif.jpg","type":"image\/jpeg"}],"twitter_card":"summary_large_image","schema":{"@context":"https:\/\/schema.org","@graph":[{"@type":"WebPage","@id":"https:\/\/omnison.com\/en\/sports-events\/","url":"https:\/\/omnison.com\/en\/sports-events\/","name":"Services for Sports events - Omnison Sound, Lights, Video, Staging","isPartOf":{"@id":"https:\/\/omnison.com\/en\/#website"},"primaryImageOfPage":{"@id":"https:\/\/omnison.com\/en\/sports-events\/#primaryimage"},"image":{"@id":"https:\/\/omnison.com\/en\/sports-events\/#primaryimage"},"thumbnailUrl":"https:\/\/omnison.com\/wp-content\/uploads\/2022\/01\/entete-evenements-sportif.jpg","datePublished":"2022-01-06T03:38:10+00:00","dateModified":"2023-02-28T02:56:14+00:00","description":"Count on us to create a golden experience that will dazzle your athletes and your audience.","breadcrumb":{"@id":"https:\/\/omnison.com\/en\/sports-events\/#breadcrumb"},"inLanguage":"en-US","potentialAction":[{"@type":"ReadAction","target":["https:\/\/omnison.com\/en\/sports-events\/"]}]},{"@type":"ImageObject","inLanguage":"en-US","@id":"https:\/\/omnison.com\/en\/sports-events\/#primaryimage","url":"https:\/\/omnison.com\/wp-content\/uploads\/2022\/01\/entete-evenements-sportif.jpg","contentUrl":"https:\/\/omnison.com\/wp-content\/uploads\/2022\/01\/entete-evenements-sportif.jpg","width":2000,"height":360,"caption":"\u00c9v\u00e9nements sportif"},{"@type":"BreadcrumbList","@id":"https:\/\/omnison.com\/en\/sports-events\/#breadcrumb","itemListElement":[{"@type":"ListItem","position":1,"name":"Home","item":"https:\/\/omnison.com\/en\/"},{"@type":"ListItem","position":2,"name":"Sports events"}]},{"@type":"WebSite","@id":"https:\/\/omnison.com\/en\/#website","url":"https:\/\/omnison.com\/en\/","name":"Omnison Sonorisation et \u00e9clairage","description":"Fournisseur d&#039;\u00e9quipement de sonorisation et d&#039;\u00e9clairage de sc\u00e8ne \u00e0 Montr\u00e9al","publisher":{"@id":"https:\/\/omnison.com\/en\/#organization"},"potentialAction":[{"@type":"SearchAction","target":{"@type":"EntryPoint","urlTemplate":"https:\/\/omnison.com\/en\/?s={search_term_string}"},"query-input":{"@type":"PropertyValueSpecification","valueRequired":true,"valueName":"search_term_string"}}],"inLanguage":"en-US"},{"@type":"Organization","@id":"https:\/\/omnison.com\/en\/#organization","name":"Omnison Sonorisation et \u00e9clairage","url":"https:\/\/omnison.com\/en\/","logo":{"@type":"ImageObject","inLanguage":"en-US","@id":"https:\/\/omnison.com\/en\/#\/schema\/logo\/image\/","url":"https:\/\/omnison.com\/wp-content\/uploads\/2024\/04\/Omnison_Logo.jpg","contentUrl":"https:\/\/omnison.com\/wp-content\/uploads\/2024\/04\/Omnison_Logo.jpg","width":681,"height":263,"caption":"Omnison Sonorisation et \u00e9clairage"},"image":{"@id":"https:\/\/omnison.com\/en\/#\/schema\/logo\/image\/"},"sameAs":["http:\/\/www.facebook.com\/pages\/Omnison-Lumire\/141224042628897"]}]}},"_links":{"self":[{"href":"https:\/\/omnison.com\/en\/wp-json\/wp\/v2\/pages\/2015","targetHints":{"allow":["GET"]}}],"collection":[{"href":"https:\/\/omnison.com\/en\/wp-json\/wp\/v2\/pages"}],"about":[{"href":"https:\/\/omnison.com\/en\/wp-json\/wp\/v2\/types\/page"}],"author":[{"embeddable":true,"href":"https:\/\/omnison.com\/en\/wp-json\/wp\/v2\/users\/1"}],"replies":[{"embeddable":true,"href":"https:\/\/omnison.com\/en\/wp-json\/wp\/v2\/comments?post=2015"}],"version-history":[{"count":4,"href":"https:\/\/omnison.com\/en\/wp-json\/wp\/v2\/pages\/2015\/revisions"}],"predecessor-version":[{"id":2259,"href":"https:\/\/omnison.com\/en\/wp-json\/wp\/v2\/pages\/2015\/revisions\/2259"}],"wp:featuredmedia":[{"embeddable":true,"href":"https:\/\/omnison.com\/en\/wp-json\/wp\/v2\/media\/199"}],"wp:attachment":[{"href":"https:\/\/omnison.com\/en\/wp-json\/wp\/v2\/media?parent=2015"}],"curies":[{"name":"wp","href":"https:\/\/api.w.org\/{rel}","templated":true}]}}